{"id":858,"date":"2025-10-26T16:17:53","date_gmt":"2025-10-26T16:17:53","guid":{"rendered":"https:\/\/idpin.cnc.uc.pt\/?page_id=858"},"modified":"2025-11-21T16:34:51","modified_gmt":"2025-11-21T16:34:51","slug":"pagina-exemplo-2-2-2-4-2-3","status":"publish","type":"page","link":"https:\/\/idpin.cnc.uc.pt\/?page_id=858","title":{"rendered":"Building Scientific Culture through Science Communication"},"content":{"rendered":"\t\t<div data-elementor-type=\"wp-page\" data-elementor-id=\"858\" class=\"elementor elementor-858\">\n\t\t\t\t<div class=\"elementor-element elementor-element-40725a1 e-flex e-con-boxed e-con e-parent\" data-id=\"40725a1\" data-element_type=\"container\">\n\t\t\t\t\t<div class=\"e-con-inner\">\n\t\t<div class=\"elementor-element elementor-element-0e3a88d e-con-full e-flex e-con e-child\" data-id=\"0e3a88d\" data-element_type=\"container\">\n\t\t\t\t<div class=\"elementor-element elementor-element-74743ab elementor-widget elementor-widget-heading\" data-id=\"74743ab\" data-element_type=\"widget\" data-widget_type=\"heading.default\">\n\t\t\t\t<div class=\"elementor-widget-container\">\n\t\t\t\t\t<h2 class=\"elementor-heading-title elementor-size-default\">idpIN Courses 2025\/2026 - Building Scientific Culture through Science Communication<\/h2>\t\t\t\t<\/div>\n\t\t\t\t<\/div>\n\t\t\t\t<\/div>\n\t\t<div class=\"elementor-element elementor-element-d8fe5eb e-con-full e-flex e-con e-child\" data-id=\"d8fe5eb\" data-element_type=\"container\">\n\t\t\t\t<div class=\"elementor-element elementor-element-80f7185 elementor-widget elementor-widget-text-editor\" data-id=\"80f7185\" data-element_type=\"widget\" data-widget_type=\"text-editor.default\">\n\t\t\t\t<div class=\"elementor-widget-container\">\n\t\t\t\t\t\t\t\t\t<p><span style=\"color: #e1ad02;\"><strong>Organized by<\/strong><\/span><br \/>CNC-UC\/CIBB<\/p><p><strong><span style=\"color: #e1ad02;\">Date &amp; Time<\/span><\/strong><br \/>13\/10\/2025 &#8211; 17\/10\/2025<\/p><p><strong><span style=\"color: #e1ad02;\">Location<\/span><\/strong><br \/>iiiUC &#8211; Casa Costa Alem\u00e3o &#8211; Polo II, UC-Explorat\u00f3rio, TUMO, Escola Secund\u00e1ria Quinta das Flores, Est\u00fadio RTP studio &amp; CNC-UC &#8211; Polo I<\/p><p><strong><span style=\"color: #e1ad02;\">Registration<\/span><\/strong><br \/>Mandatory<\/p><p><span style=\"color: #000000;\">Deadline: <\/span>08\/10\/2025<\/p>\t\t\t\t\t\t\t\t<\/div>\n\t\t\t\t<\/div>\n\t\t\t\t<\/div>\n\t\t\t\t\t<\/div>\n\t\t\t\t<\/div>\n\t\t<div class=\"elementor-element elementor-element-d70320c e-flex e-con-boxed e-con e-parent\" data-id=\"d70320c\" data-element_type=\"container\">\n\t\t\t\t\t<div class=\"e-con-inner\">\n\t\t\t\t<div class=\"elementor-element elementor-element-7e7c642 elementor-widget elementor-widget-button\" data-id=\"7e7c642\" data-element_type=\"widget\" data-widget_type=\"button.default\">\n\t\t\t\t<div class=\"elementor-widget-container\">\n\t\t\t\t\t\t\t\t\t<div class=\"elementor-button-wrapper\">\n\t\t\t\t\t<a class=\"elementor-button elementor-button-link elementor-size-sm\" href=\"https:\/\/docs.google.com\/forms\/d\/e\/1FAIpQLSeA63JMctsVA6SxNmXNnYg11TFAWYHAv4aqzSxCTjeOqlOZNA\/closedform\" id=\"Register\" target=\"_blank\" rel=\"noopener\">\n\t\t\t\t\t\t<span class=\"elementor-button-content-wrapper\">\n\t\t\t\t\t\t\t\t\t<span class=\"elementor-button-text\">Register<\/span>\n\t\t\t\t\t<\/span>\n\t\t\t\t\t<\/a>\n\t\t\t\t<\/div>\n\t\t\t\t\t\t\t\t<\/div>\n\t\t\t\t<\/div>\n\t\t\t\t\t<\/div>\n\t\t\t\t<\/div>\n\t\t<div class=\"elementor-element elementor-element-11a5926 e-flex e-con-boxed e-con e-parent\" data-id=\"11a5926\" data-element_type=\"container\">\n\t\t\t\t\t<div class=\"e-con-inner\">\n\t\t<div class=\"elementor-element elementor-element-cdae048 e-con-full e-flex e-con e-child\" data-id=\"cdae048\" data-element_type=\"container\">\n\t\t\t\t<\/div>\n\t\t\t\t\t<\/div>\n\t\t\t\t<\/div>\n\t\t<div class=\"elementor-element elementor-element-fc49452 e-flex e-con-boxed e-con e-parent\" data-id=\"fc49452\" data-element_type=\"container\">\n\t\t\t\t\t<div class=\"e-con-inner\">\n\t\t<div class=\"elementor-element elementor-element-a2239ca e-con-full e-flex e-con e-child\" data-id=\"a2239ca\" data-element_type=\"container\">\n\t\t\t\t<div class=\"elementor-element elementor-element-f8a847c elementor-widget elementor-widget-heading\" data-id=\"f8a847c\" data-element_type=\"widget\" data-widget_type=\"heading.default\">\n\t\t\t\t<div class=\"elementor-widget-container\">\n\t\t\t\t\t<h2 class=\"elementor-heading-title elementor-size-default\">\nCoordination<\/h2>\t\t\t\t<\/div>\n\t\t\t\t<\/div>\n\t\t\t\t<\/div>\n\t\t\t\t\t<\/div>\n\t\t\t\t<\/div>\n\t\t<div class=\"elementor-element elementor-element-6b0ff01 e-flex e-con-boxed e-con e-parent\" data-id=\"6b0ff01\" data-element_type=\"container\">\n\t\t\t\t\t<div class=\"e-con-inner\">\n\t\t<div class=\"elementor-element elementor-element-9b7ec82 e-con-full e-flex e-con e-child\" data-id=\"9b7ec82\" data-element_type=\"container\">\n\t\t\t\t<div class=\"elementor-element elementor-element-e29dc2c elementor-widget elementor-widget-image\" data-id=\"e29dc2c\" data-element_type=\"widget\" data-widget_type=\"image.default\">\n\t\t\t\t<div class=\"elementor-widget-container\">\n\t\t\t\t\t\t\t\t\t\t\t\t\t\t\t<img fetchpriority=\"high\" decoding=\"async\" width=\"300\" height=\"300\" src=\"https:\/\/idpin.cnc.uc.pt\/wp-content\/uploads\/2025\/10\/sara-amaral.webp\" class=\"attachment-large size-large wp-image-860\" alt=\"\" \/>\t\t\t\t\t\t\t\t\t\t\t\t\t\t\t<\/div>\n\t\t\t\t<\/div>\n\t\t\t\t<\/div>\n\t\t<div class=\"elementor-element elementor-element-abf29cf e-con-full e-flex e-con e-child\" data-id=\"abf29cf\" data-element_type=\"container\">\n\t\t<div class=\"elementor-element elementor-element-0ae674a e-con-full e-flex e-con e-child\" data-id=\"0ae674a\" data-element_type=\"container\">\n\t\t\t\t<div class=\"elementor-element elementor-element-8fb0161 elementor-widget elementor-widget-text-editor\" data-id=\"8fb0161\" data-element_type=\"widget\" data-widget_type=\"text-editor.default\">\n\t\t\t\t<div class=\"elementor-widget-container\">\n\t\t\t\t\t\t\t\t\t<p><a href=\"https:\/\/cnc.uc.pt\/en\/people\/s-amaral\" target=\"_blank\" rel=\"noopener\"><span style=\"color: #000000;\"><b>Sara Amaral<\/b><\/span><\/a><\/p><p><span style=\"color: #000000;\">CNC-UC\/CIBB<\/span><\/p>\t\t\t\t\t\t\t\t<\/div>\n\t\t\t\t<\/div>\n\t\t\t\t<\/div>\n\t\t\t\t<\/div>\n\t\t\t\t\t<\/div>\n\t\t\t\t<\/div>\n\t\t<div class=\"elementor-element elementor-element-1198761 e-flex e-con-boxed e-con e-parent\" data-id=\"1198761\" data-element_type=\"container\">\n\t\t\t\t\t<div class=\"e-con-inner\">\n\t\t<div class=\"elementor-element elementor-element-28208d3 e-con-full e-flex e-con e-child\" data-id=\"28208d3\" data-element_type=\"container\">\n\t\t\t\t<div class=\"elementor-element elementor-element-18592a9 elementor-widget elementor-widget-image\" data-id=\"18592a9\" data-element_type=\"widget\" data-widget_type=\"image.default\">\n\t\t\t\t<div class=\"elementor-widget-container\">\n\t\t\t\t\t\t\t\t\t\t\t\t\t\t\t<img decoding=\"async\" width=\"1024\" height=\"215\" src=\"https:\/\/idpin.cnc.uc.pt\/wp-content\/uploads\/2025\/10\/idpIN_Website-background_2025.01.22-08.png\" class=\"attachment-large size-large wp-image-812\" alt=\"\" \/>\t\t\t\t\t\t\t\t\t\t\t\t\t\t\t<\/div>\n\t\t\t\t<\/div>\n\t\t\t\t<\/div>\n\t\t<div class=\"elementor-element elementor-element-ef22fda e-con-full e-flex e-con e-child\" data-id=\"ef22fda\" data-element_type=\"container\">\n\t\t\t\t<div class=\"elementor-element elementor-element-8b8b00c elementor-widget elementor-widget-image\" data-id=\"8b8b00c\" data-element_type=\"widget\" data-widget_type=\"image.default\">\n\t\t\t\t<div class=\"elementor-widget-container\">\n\t\t\t\t\t\t\t\t\t\t\t\t\t\t\t<img decoding=\"async\" width=\"1024\" height=\"215\" src=\"https:\/\/idpin.cnc.uc.pt\/wp-content\/uploads\/2025\/10\/idpIN_Website-background_2025.01.22-08.png\" class=\"attachment-large size-large wp-image-812\" alt=\"\" \/>\t\t\t\t\t\t\t\t\t\t\t\t\t\t\t<\/div>\n\t\t\t\t<\/div>\n\t\t\t\t<\/div>\n\t\t<div class=\"elementor-element elementor-element-209611c e-con-full e-flex e-con e-child\" data-id=\"209611c\" data-element_type=\"container\">\n\t\t\t\t<div class=\"elementor-element elementor-element-98e5854 elementor-widget elementor-widget-image\" data-id=\"98e5854\" data-element_type=\"widget\" data-widget_type=\"image.default\">\n\t\t\t\t<div class=\"elementor-widget-container\">\n\t\t\t\t\t\t\t\t\t\t\t\t\t\t\t<img decoding=\"async\" width=\"1024\" height=\"215\" src=\"https:\/\/idpin.cnc.uc.pt\/wp-content\/uploads\/2025\/10\/idpIN_Website-background_2025.01.22-08.png\" class=\"attachment-large size-large wp-image-812\" alt=\"\" \/>\t\t\t\t\t\t\t\t\t\t\t\t\t\t\t<\/div>\n\t\t\t\t<\/div>\n\t\t\t\t<\/div>\n\t\t\t\t\t<\/div>\n\t\t\t\t<\/div>\n\t\t<div class=\"elementor-element elementor-element-d84717c e-flex e-con-boxed e-con e-parent\" data-id=\"d84717c\" data-element_type=\"container\">\n\t\t\t\t\t<div class=\"e-con-inner\">\n\t\t\t\t<div class=\"elementor-element elementor-element-e72fbe0 elementor-widget elementor-widget-text-editor\" data-id=\"e72fbe0\" data-element_type=\"widget\" data-widget_type=\"text-editor.default\">\n\t\t\t\t<div class=\"elementor-widget-container\">\n\t\t\t\t\t\t\t\t\t<h3 style=\"text-align: left;\"><span style=\"color: #821f3c;\"><strong>Aim<\/strong><\/span><\/h3><p>This advanced course is designed for first-year PhD students in Experimental Biology and Biomedicine and in Integrative Neuroscience to explore how science shapes, and is shaped by, society and culture. It focuses on providing young researchers with both practical skills and critical perspectives to communicate science effectively and contribute to building a scientifically literate society.<\/p><p>Students engage with key topics such as:<\/p><ul><li>Science and Media<\/li><li>Science Education and Outreach<\/li><li>Public Engagement and Dialogue<\/li><li>Citizen Science<\/li><li>Science &amp; Art<\/li><li>Design<\/li><li>Ethics<\/li><\/ul><p>Emphasizing a hands-on and experiential approach, the course goes beyond traditional classroom learning. Students actively design and practice diverse science communication strategies, participate in debates, and visit spaces where science communication takes place, such as science centers, radio or schools. Throughout this interdisciplinary course, students also interact directly with professionals from various fields &#8211; including journalists, science managers, mediators, researchers, multimedia specialists or designers &#8211; gaining valuable insights into different practices and challenges of communicating science across multiple contexts. By the end of the course, participants are better equipped to navigate the interface between science and society, engage diverse publics with creativity, responsibility, and confidence, and contribute meaningfully to strengthening scientific culture.<\/p>\t\t\t\t\t\t\t\t<\/div>\n\t\t\t\t<\/div>\n\t\t\t\t\t<\/div>\n\t\t\t\t<\/div>\n\t\t<div class=\"elementor-element elementor-element-5e57d8b e-flex e-con-boxed e-con e-parent\" data-id=\"5e57d8b\" data-element_type=\"container\">\n\t\t\t\t\t<div class=\"e-con-inner\">\n\t\t\t\t<div class=\"elementor-element elementor-element-2afa7df elementor-widget elementor-widget-text-editor\" data-id=\"2afa7df\" data-element_type=\"widget\" data-widget_type=\"text-editor.default\">\n\t\t\t\t<div class=\"elementor-widget-container\">\n\t\t\t\t\t\t\t\t\t<h3 style=\"text-align: left;\"><span style=\"color: #821f3c;\"><strong>Program<\/strong><\/span><\/h3><p>Available <a href=\"https:\/\/drive.google.com\/file\/d\/1GYf3rNA5uysYGgwLVXzPSbwu1RUSBlgv\/view\" target=\"_blank\" rel=\"noopener\">here.<\/a><\/p><p>More info <a href=\"https:\/\/cnc.uc.pt\/pt\/pdbeb\/beb-advanced-courses\/pdbeb-courses-20252026-building-scientific-culture-through-science-communication-1\" target=\"_blank\" rel=\"noopener\">here<\/a>.<\/p>\t\t\t\t\t\t\t\t<\/div>\n\t\t\t\t<\/div>\n\t\t\t\t\t<\/div>\n\t\t\t\t<\/div>\n\t\t\t\t<\/div>\n\t\t","protected":false},"excerpt":{"rendered":"<p>idpIN Courses 2025\/2026 &#8211; Building Scientific Culture through Science Communication Organized byCNC-UC\/CIBB Date &amp; Time13\/10\/2025 &#8211; 17\/10\/2025 LocationiiiUC &#8211; Casa Costa Alem\u00e3o &#8211; Polo II, UC-Explorat\u00f3rio, TUMO, Escola Secund\u00e1ria Quinta das Flores, Est\u00fadio RTP studio &amp; CNC-UC &#8211; Polo I RegistrationMandatory Deadline: 08\/10\/2025 Register Coordination Sara Amaral CNC-UC\/CIBB Aim This advanced course is designed for [&hellip;]<\/p>\n","protected":false},"author":5,"featured_media":0,"parent":0,"menu_order":0,"comment_status":"closed","ping_status":"closed","template":"","meta":{"footnotes":""},"class_list":["post-858","page","type-page","status-publish","hentry"],"_links":{"self":[{"href":"https:\/\/idpin.cnc.uc.pt\/index.php?rest_route=\/wp\/v2\/pages\/858","targetHints":{"allow":["GET"]}}],"collection":[{"href":"https:\/\/idpin.cnc.uc.pt\/index.php?rest_route=\/wp\/v2\/pages"}],"about":[{"href":"https:\/\/idpin.cnc.uc.pt\/index.php?rest_route=\/wp\/v2\/types\/page"}],"author":[{"embeddable":true,"href":"https:\/\/idpin.cnc.uc.pt\/index.php?rest_route=\/wp\/v2\/users\/5"}],"replies":[{"embeddable":true,"href":"https:\/\/idpin.cnc.uc.pt\/index.php?rest_route=%2Fwp%2Fv2%2Fcomments&post=858"}],"version-history":[{"count":7,"href":"https:\/\/idpin.cnc.uc.pt\/index.php?rest_route=\/wp\/v2\/pages\/858\/revisions"}],"predecessor-version":[{"id":1034,"href":"https:\/\/idpin.cnc.uc.pt\/index.php?rest_route=\/wp\/v2\/pages\/858\/revisions\/1034"}],"wp:attachment":[{"href":"https:\/\/idpin.cnc.uc.pt\/index.php?rest_route=%2Fwp%2Fv2%2Fmedia&parent=858"}],"curies":[{"name":"wp","href":"https:\/\/api.w.org\/{rel}","templated":true}]}}