{"id":803,"date":"2025-10-26T16:17:53","date_gmt":"2025-10-26T16:17:53","guid":{"rendered":"https:\/\/idpin.cnc.uc.pt\/?page_id=803"},"modified":"2026-02-02T09:32:42","modified_gmt":"2026-02-02T09:32:42","slug":"advanced-courses","status":"publish","type":"page","link":"https:\/\/idpin.cnc.uc.pt\/?page_id=803","title":{"rendered":"Advanced Courses"},"content":{"rendered":"\t\t<div data-elementor-type=\"wp-page\" data-elementor-id=\"803\" class=\"elementor elementor-803\">\n\t\t\t\t<div class=\"elementor-element elementor-element-d84717c e-flex e-con-boxed e-con e-parent\" data-id=\"d84717c\" data-element_type=\"container\">\n\t\t\t\t\t<div class=\"e-con-inner\">\n\t\t\t\t<div class=\"elementor-element elementor-element-e72fbe0 elementor-widget elementor-widget-text-editor\" data-id=\"e72fbe0\" data-element_type=\"widget\" data-widget_type=\"text-editor.default\">\n\t\t\t\t<div class=\"elementor-widget-container\">\n\t\t\t\t\t\t\t\t\t<p>We are pleased to share the <strong>Advanced Courses<\/strong> plan for the <strong>1st edition of the International Doctoral Program in Integrative Neuroscience (idpIN)<\/strong>, for the academic year 2025\/2026.<\/p><p>The Advanced Courses are coordinated by senior researchers at CNC-UC and taught by experts from leading national and international research institutions.<\/p><p>Please find <a href=\"https:\/\/idpin.cnc.uc.pt\/wp-content\/uploads\/2025\/10\/idpIN-2025-26_Calendar.pdf\">here<\/a> the 2025\/2026 &#8211; idpIN advanced courses calendar.<\/p>\t\t\t\t\t\t\t\t<\/div>\n\t\t\t\t<\/div>\n\t\t\t\t\t<\/div>\n\t\t\t\t<\/div>\n\t\t<div class=\"elementor-element elementor-element-d6a8378 e-flex e-con-boxed e-con e-parent\" data-id=\"d6a8378\" data-element_type=\"container\">\n\t\t\t\t\t<div class=\"e-con-inner\">\n\t\t<div class=\"elementor-element elementor-element-807e34a e-con-full e-flex e-con e-child\" data-id=\"807e34a\" data-element_type=\"container\">\n\t\t\t\t<div class=\"elementor-element elementor-element-5c33b65 elementor-widget elementor-widget-image\" data-id=\"5c33b65\" data-element_type=\"widget\" data-widget_type=\"image.default\">\n\t\t\t\t<div class=\"elementor-widget-container\">\n\t\t\t\t\t\t\t\t\t\t\t\t\t\t\t<img fetchpriority=\"high\" decoding=\"async\" width=\"1024\" height=\"215\" src=\"https:\/\/idpin.cnc.uc.pt\/wp-content\/uploads\/2025\/10\/idpIN_Website-background_2025.01.22-08.png\" class=\"attachment-large size-large wp-image-812\" alt=\"\" \/>\t\t\t\t\t\t\t\t\t\t\t\t\t\t\t<\/div>\n\t\t\t\t<\/div>\n\t\t\t\t<\/div>\n\t\t<div class=\"elementor-element elementor-element-2ec9a8f e-con-full e-flex e-con e-child\" data-id=\"2ec9a8f\" data-element_type=\"container\">\n\t\t\t\t<div class=\"elementor-element elementor-element-63d901c elementor-widget elementor-widget-image\" data-id=\"63d901c\" data-element_type=\"widget\" data-widget_type=\"image.default\">\n\t\t\t\t<div class=\"elementor-widget-container\">\n\t\t\t\t\t\t\t\t\t\t\t\t\t\t\t<img fetchpriority=\"high\" decoding=\"async\" width=\"1024\" height=\"215\" src=\"https:\/\/idpin.cnc.uc.pt\/wp-content\/uploads\/2025\/10\/idpIN_Website-background_2025.01.22-08.png\" class=\"attachment-large size-large wp-image-812\" alt=\"\" \/>\t\t\t\t\t\t\t\t\t\t\t\t\t\t\t<\/div>\n\t\t\t\t<\/div>\n\t\t\t\t<\/div>\n\t\t<div class=\"elementor-element elementor-element-1dc0c16 e-con-full e-flex e-con e-child\" data-id=\"1dc0c16\" data-element_type=\"container\">\n\t\t\t\t<div class=\"elementor-element elementor-element-1990053 elementor-widget elementor-widget-image\" data-id=\"1990053\" data-element_type=\"widget\" data-widget_type=\"image.default\">\n\t\t\t\t<div class=\"elementor-widget-container\">\n\t\t\t\t\t\t\t\t\t\t\t\t\t\t\t<img fetchpriority=\"high\" decoding=\"async\" width=\"1024\" height=\"215\" src=\"https:\/\/idpin.cnc.uc.pt\/wp-content\/uploads\/2025\/10\/idpIN_Website-background_2025.01.22-08.png\" class=\"attachment-large size-large wp-image-812\" alt=\"\" \/>\t\t\t\t\t\t\t\t\t\t\t\t\t\t\t<\/div>\n\t\t\t\t<\/div>\n\t\t\t\t<\/div>\n\t\t\t\t\t<\/div>\n\t\t\t\t<\/div>\n\t\t<div class=\"elementor-element elementor-element-53c48b3 e-flex e-con-boxed e-con e-parent\" data-id=\"53c48b3\" data-element_type=\"container\">\n\t\t\t\t\t<div class=\"e-con-inner\">\n\t\t\t\t<div class=\"elementor-element elementor-element-b22ed08 elementor-widget elementor-widget-n-accordion\" data-id=\"b22ed08\" data-element_type=\"widget\" data-settings=\"{&quot;default_state&quot;:&quot;expanded&quot;,&quot;max_items_expended&quot;:&quot;one&quot;,&quot;n_accordion_animation_duration&quot;:{&quot;unit&quot;:&quot;ms&quot;,&quot;size&quot;:400,&quot;sizes&quot;:[]}}\" data-widget_type=\"nested-accordion.default\">\n\t\t\t\t<div class=\"elementor-widget-container\">\n\t\t\t\t\t\t\t<div class=\"e-n-accordion\" aria-label=\"Accordion. Open links with Enter or Space, close with Escape, and navigate with Arrow Keys\">\n\t\t\t\t\t\t<details id=\"e-n-accordion-item-1860\" class=\"e-n-accordion-item\" open>\n\t\t\t\t<summary class=\"e-n-accordion-item-title\" data-accordion-index=\"1\" tabindex=\"0\" aria-expanded=\"true\" aria-controls=\"e-n-accordion-item-1860\" >\n\t\t\t\t\t<span class='e-n-accordion-item-title-header'><div class=\"e-n-accordion-item-title-text\"> Advances in Integrative Neuroscience II: Tools in Neuroscience <\/div><\/span>\n\t\t\t\t\t\t\t<span class='e-n-accordion-item-title-icon'>\n\t\t\t<span class='e-opened' ><svg aria-hidden=\"true\" class=\"e-font-icon-svg e-far-square\" viewBox=\"0 0 448 512\" xmlns=\"http:\/\/www.w3.org\/2000\/svg\"><path d=\"M400 32H48C21.5 32 0 53.5 0 80v352c0 26.5 21.5 48 48 48h352c26.5 0 48-21.5 48-48V80c0-26.5-21.5-48-48-48zm-6 400H54c-3.3 0-6-2.7-6-6V86c0-3.3 2.7-6 6-6h340c3.3 0 6 2.7 6 6v340c0 3.3-2.7 6-6 6z\"><\/path><\/svg><\/span>\n\t\t\t<span class='e-closed'><svg aria-hidden=\"true\" class=\"e-font-icon-svg e-fas-square-full\" viewBox=\"0 0 512 512\" xmlns=\"http:\/\/www.w3.org\/2000\/svg\"><path d=\"M512 512H0V0h512v512z\"><\/path><\/svg><\/span>\n\t\t<\/span>\n\n\t\t\t\t\t\t<\/summary>\n\t\t\t\t<div role=\"region\" aria-labelledby=\"e-n-accordion-item-1860\" class=\"elementor-element elementor-element-6a3324f e-con-full e-flex e-con e-child\" data-id=\"6a3324f\" data-element_type=\"container\">\n\t\t\t\t<div class=\"elementor-element elementor-element-ccbc7a2 elementor-widget elementor-widget-text-editor\" data-id=\"ccbc7a2\" data-element_type=\"widget\" data-widget_type=\"text-editor.default\">\n\t\t\t\t<div class=\"elementor-widget-container\">\n\t\t\t\t\t\t\t\t\t<p><span style=\"color: #800000;\"><a style=\"color: #800000;\" href=\"https:\/\/idpin.cnc.uc.pt\/?page_id=849\"><strong>Nature Seminars: Nature Portfolio and Science Careers | October 2 to 3, 2025<\/strong>\u00a0<\/a><\/span><br \/>Coordinators: Filipe Almeida (Nature Biomedical Engineering), M\u00f3nica Santos (CNC-UC)<\/p>\t\t\t\t\t\t\t\t<\/div>\n\t\t\t\t<\/div>\n\t\t\t\t<div class=\"elementor-element elementor-element-47e3e78 elementor-widget elementor-widget-text-editor\" data-id=\"47e3e78\" data-element_type=\"widget\" data-widget_type=\"text-editor.default\">\n\t\t\t\t<div class=\"elementor-widget-container\">\n\t\t\t\t\t\t\t\t\t<p><a href=\"https:\/\/idpin.cnc.uc.pt\/?page_id=822\"><span style=\"color: #800000;\"><strong>Introduction to Scientific Programming | October 10, 2025 to January 30, 2026<\/strong><\/span><span style=\"color: #000000;\"><span style=\"color: #800000;\">\u00a0<\/span><\/span><\/a><br \/><span style=\"color: #000000;\">Coordinators: Renato Duarte (CNC-UC)<\/span><\/p>\t\t\t\t\t\t\t\t<\/div>\n\t\t\t\t<\/div>\n\t\t\t\t<div class=\"elementor-element elementor-element-3c7e9a2 elementor-widget elementor-widget-text-editor\" data-id=\"3c7e9a2\" data-element_type=\"widget\" data-widget_type=\"text-editor.default\">\n\t\t\t\t<div class=\"elementor-widget-container\">\n\t\t\t\t\t\t\t\t\t<p><span style=\"color: #800000;\"><a style=\"color: #800000;\" href=\"https:\/\/idpin.cnc.uc.pt\/?page_id=858\"><strong>Building Scientific Culture through Science Communication | October 13 to 17, 2025 <\/strong><\/a>\u00a0<\/span><br \/>Coordinators: Sara Amaral (CNC-UC)<\/p>\t\t\t\t\t\t\t\t<\/div>\n\t\t\t\t<\/div>\n\t\t\t\t<div class=\"elementor-element elementor-element-c5839c9 elementor-widget elementor-widget-text-editor\" data-id=\"c5839c9\" data-element_type=\"widget\" data-widget_type=\"text-editor.default\">\n\t\t\t\t<div class=\"elementor-widget-container\">\n\t\t\t\t\t\t\t\t\t<p><strong><span style=\"color: #800000;\"><a style=\"color: #800000;\" href=\"https:\/\/cnc.uc.pt\/en\/from-keypoints-to-behavior-hands-on-pose-estimation-and-behavior-analysis\" target=\"_blank\" rel=\"noopener\">Workshop: From Keypoints to Behavior \u2013 Hands-on Pose Estimation and Behavior Analysis<\/a><\/span> (external) | October 14 to 17, 2025 <\/strong>\u00a0<br \/>Coordinators: NenckiOpenLab, DYNA Brain team (CNC-UC)<\/p>\t\t\t\t\t\t\t\t<\/div>\n\t\t\t\t<\/div>\n\t\t\t\t<div class=\"elementor-element elementor-element-04dbc9d elementor-widget elementor-widget-text-editor\" data-id=\"04dbc9d\" data-element_type=\"widget\" data-widget_type=\"text-editor.default\">\n\t\t\t\t<div class=\"elementor-widget-container\">\n\t\t\t\t\t\t\t\t\t<p><span style=\"color: #800000;\"><a style=\"color: #800000;\" href=\"https:\/\/idpin.cnc.uc.pt\/?page_id=867\"><strong>Bridging the Gap: From Discovery to Market | October 20 to 24, 2025 <\/strong>\u00a0<\/a><\/span><br \/>Coordinators: Catarina Cunha Santos (CNC-UC)<\/p>\t\t\t\t\t\t\t\t<\/div>\n\t\t\t\t<\/div>\n\t\t\t\t<div class=\"elementor-element elementor-element-ab95a87 elementor-widget elementor-widget-text-editor\" data-id=\"ab95a87\" data-element_type=\"widget\" data-widget_type=\"text-editor.default\">\n\t\t\t\t<div class=\"elementor-widget-container\">\n\t\t\t\t\t\t\t\t\t<p><span style=\"color: #800000;\"><strong><a style=\"color: #800000;\" href=\"https:\/\/idpin.cnc.uc.pt\/?page_id=873\">Core Technologies @CNC | October 27 to 31, 2025<\/a> <\/strong>\u00a0<\/span><br \/>Coordinators: Lu\u00edsa Cortes (CNC-UC)<\/p>\t\t\t\t\t\t\t\t<\/div>\n\t\t\t\t<\/div>\n\t\t\t\t<div class=\"elementor-element elementor-element-93e632a elementor-widget elementor-widget-text-editor\" data-id=\"93e632a\" data-element_type=\"widget\" data-widget_type=\"text-editor.default\">\n\t\t\t\t<div class=\"elementor-widget-container\">\n\t\t\t\t\t\t\t\t\t<p><span style=\"color: #800000;\"><strong><a style=\"color: #800000;\" href=\"https:\/\/idpin.cnc.uc.pt\/?page_id=880\">Experimental Research Design &amp; Responsible Practices | November 3 to 7, 2025<\/a> <\/strong>\u00a0<\/span><br \/>Coordinators: Teresa Cunha-Oliveira, Elsa Henriques (CNC-UC), Ana Duarte &amp; Paulo Matafome (iCBR\/FMUC)<\/p>\t\t\t\t\t\t\t\t<\/div>\n\t\t\t\t<\/div>\n\t\t\t\t<div class=\"elementor-element elementor-element-d88c7d3 elementor-widget elementor-widget-text-editor\" data-id=\"d88c7d3\" data-element_type=\"widget\" data-widget_type=\"text-editor.default\">\n\t\t\t\t<div class=\"elementor-widget-container\">\n\t\t\t\t\t\t\t\t\t<p><span style=\"color: #000000;\"><a style=\"color: #000000;\" href=\"https:\/\/idpin.cnc.uc.pt\/?page_id=834\"><span style=\"color: #800000;\"><strong>Sensors, Electronics and Hardware | November 3 to 7, 2025 <\/strong>\u00a0<\/span><\/a><\/span><br \/><span style=\"color: #000000;\">Coordinators: Hugo Marques (Champalimaud Foundation), Cristina M\u00e1rquez (CNC-UC)<\/span><\/p>\t\t\t\t\t\t\t\t<\/div>\n\t\t\t\t<\/div>\n\t\t\t\t<div class=\"elementor-element elementor-element-36a417c elementor-widget elementor-widget-text-editor\" data-id=\"36a417c\" data-element_type=\"widget\" data-widget_type=\"text-editor.default\">\n\t\t\t\t<div class=\"elementor-widget-container\">\n\t\t\t\t\t\t\t\t\t<p><span style=\"color: #000000;\"><a style=\"color: #000000;\" href=\"https:\/\/idpin.cnc.uc.pt\/?page_id=922\"><strong><span style=\"color: #800000;\">Electrophysiology | November 10 to 14, 2025<\/span><\/strong><\/a><\/span><br \/>Coordinators: Paulo Pinheiro (CNC-UC)<\/p>\t\t\t\t\t\t\t\t<\/div>\n\t\t\t\t<\/div>\n\t\t\t\t<div class=\"elementor-element elementor-element-ffd5fa0 elementor-widget elementor-widget-text-editor\" data-id=\"ffd5fa0\" data-element_type=\"widget\" data-widget_type=\"text-editor.default\">\n\t\t\t\t<div class=\"elementor-widget-container\">\n\t\t\t\t\t\t\t\t\t<p><span style=\"color: #800000;\"><a style=\"color: #800000;\" href=\"https:\/\/idpin.cnc.uc.pt\/?page_id=899\"><strong>Bioinformatics and Data Science for Neuroscience | December 2 to 10, 2025 <\/strong>\u00a0<\/a><\/span><br \/>Coordinators: Cesar Teixeira, Joel Arrais (CISUC\/DEI-UC)<\/p>\t\t\t\t\t\t\t\t<\/div>\n\t\t\t\t<\/div>\n\t\t\t\t<div class=\"elementor-element elementor-element-dad9c36 elementor-widget elementor-widget-text-editor\" data-id=\"dad9c36\" data-element_type=\"widget\" data-widget_type=\"text-editor.default\">\n\t\t\t\t<div class=\"elementor-widget-container\">\n\t\t\t\t\t\t\t\t\t<p><span style=\"color: #800000;\"><a style=\"color: #800000;\" href=\"https:\/\/idpin.cnc.uc.pt\/?page_id=932\"><strong>Principles and Practices in Drug Development | January 26 to 30, 2026 <\/strong>\u00a0<\/a><\/span><br \/>Coordinators: Jo\u00e3o Nuno Moreira, Lu\u00eds P. Almeida, S\u00e9rgio Sim\u00f5es (CNC-UC), Stan Finkelstein (MIT, USA)<\/p>\t\t\t\t\t\t\t\t<\/div>\n\t\t\t\t<\/div>\n\t\t\t\t<div class=\"elementor-element elementor-element-c7ecf40 elementor-widget elementor-widget-text-editor\" data-id=\"c7ecf40\" data-element_type=\"widget\" data-widget_type=\"text-editor.default\">\n\t\t\t\t<div class=\"elementor-widget-container\">\n\t\t\t\t\t\t\t\t\t<p><strong>Ethics in Neuroscience Research | Late February, 2026 <\/strong>\u00a0<br \/>Coordinators: Ana Lu\u00edsa Carvalho, Cristina M\u00e1rquez (CNC-UC), Pim Haselager (Donders Institute, NL)<\/p>\t\t\t\t\t\t\t\t<\/div>\n\t\t\t\t<\/div>\n\t\t\t\t<\/div>\n\t\t\t\t\t<\/details>\n\t\t\t\t\t\t<details id=\"e-n-accordion-item-1861\" class=\"e-n-accordion-item\" >\n\t\t\t\t<summary class=\"e-n-accordion-item-title\" data-accordion-index=\"2\" tabindex=\"-1\" aria-expanded=\"false\" aria-controls=\"e-n-accordion-item-1861\" >\n\t\t\t\t\t<span class='e-n-accordion-item-title-header'><div class=\"e-n-accordion-item-title-text\"> Advances in Integrative Neuroscience I: From neurons to circuits, behaviors and computations. <\/div><\/span>\n\t\t\t\t\t\t\t<span class='e-n-accordion-item-title-icon'>\n\t\t\t<span class='e-opened' ><svg aria-hidden=\"true\" class=\"e-font-icon-svg e-far-square\" viewBox=\"0 0 448 512\" xmlns=\"http:\/\/www.w3.org\/2000\/svg\"><path d=\"M400 32H48C21.5 32 0 53.5 0 80v352c0 26.5 21.5 48 48 48h352c26.5 0 48-21.5 48-48V80c0-26.5-21.5-48-48-48zm-6 400H54c-3.3 0-6-2.7-6-6V86c0-3.3 2.7-6 6-6h340c3.3 0 6 2.7 6 6v340c0 3.3-2.7 6-6 6z\"><\/path><\/svg><\/span>\n\t\t\t<span class='e-closed'><svg aria-hidden=\"true\" class=\"e-font-icon-svg e-fas-square-full\" viewBox=\"0 0 512 512\" xmlns=\"http:\/\/www.w3.org\/2000\/svg\"><path d=\"M512 512H0V0h512v512z\"><\/path><\/svg><\/span>\n\t\t<\/span>\n\n\t\t\t\t\t\t<\/summary>\n\t\t\t\t<div role=\"region\" aria-labelledby=\"e-n-accordion-item-1861\" class=\"elementor-element elementor-element-faa382b e-con-full e-flex e-con e-child\" data-id=\"faa382b\" data-element_type=\"container\">\n\t\t\t\t<div class=\"elementor-element elementor-element-62b8d7e elementor-widget elementor-widget-text-editor\" data-id=\"62b8d7e\" data-element_type=\"widget\" data-widget_type=\"text-editor.default\">\n\t\t\t\t<div class=\"elementor-widget-container\">\n\t\t\t\t\t\t\t\t\t<p><span style=\"color: #800000;\"><a style=\"color: #800000;\" href=\"https:\/\/idpin.cnc.uc.pt\/?page_id=946\"><strong>Synapse assemble, function and plasticity | January 5 to 9, 2026<\/strong><\/a>\u00a0<\/span><br \/>Coordinators: Ana Lu\u00edsa Carvalho, Carlos Duarte, Paulo Pinheiro (CNC-UC)<\/p>\t\t\t\t\t\t\t\t<\/div>\n\t\t\t\t<\/div>\n\t\t\t\t<div class=\"elementor-element elementor-element-f6f87e9 elementor-widget elementor-widget-text-editor\" data-id=\"f6f87e9\" data-element_type=\"widget\" data-widget_type=\"text-editor.default\">\n\t\t\t\t<div class=\"elementor-widget-container\">\n\t\t\t\t\t\t\t\t\t<p><span style=\"color: #800000;\"><a style=\"color: #800000;\" href=\"https:\/\/idpin.cnc.uc.pt\/?page_id=956\"><strong>Neural circuits and behavior | January 12 to 16, 2026<\/strong><\/a>\u00a0<\/span><br \/>Coordinators: Jo\u00e3o Pe\u00e7a, Ana Lu\u00edsa Cardoso, Cristina M\u00e1rquez (CNC-UC)<\/p>\t\t\t\t\t\t\t\t<\/div>\n\t\t\t\t<\/div>\n\t\t\t\t<div class=\"elementor-element elementor-element-f1a4ef7 elementor-widget elementor-widget-text-editor\" data-id=\"f1a4ef7\" data-element_type=\"widget\" data-widget_type=\"text-editor.default\">\n\t\t\t\t<div class=\"elementor-widget-container\">\n\t\t\t\t\t\t\t\t\t<p><span style=\"color: #800000;\"><a style=\"color: #800000;\" href=\"https:\/\/idpin.cnc.uc.pt\/?page_id=965\"><strong>Unravelling Brain Disorders: Molecular and Cellular Mechanisms from Development to Degeneration | January 19 to 23, 2026 <\/strong>\u00a0<\/a><\/span><br \/>Coordinators: Ana Cristina Rego, Cl\u00e1udia Pereira, Sandra Morais Cardoso (CNC-UC)<\/p>\t\t\t\t\t\t\t\t<\/div>\n\t\t\t\t<\/div>\n\t\t\t\t<div class=\"elementor-element elementor-element-6edc832 elementor-widget elementor-widget-text-editor\" data-id=\"6edc832\" data-element_type=\"widget\" data-widget_type=\"text-editor.default\">\n\t\t\t\t<div class=\"elementor-widget-container\">\n\t\t\t\t\t\t\t\t\t<p><a href=\"https:\/\/idpin.cnc.uc.pt\/?page_id=987\"><strong>Cognitive Neuroscience | January 26 to 30, 2026 <\/strong>\u00a0<\/a><br \/>Coordinators: Miguel Castelo Branco (FMUC\/CIBIT)<\/p>\t\t\t\t\t\t\t\t<\/div>\n\t\t\t\t<\/div>\n\t\t\t\t<div class=\"elementor-element elementor-element-3e3b757 elementor-widget elementor-widget-text-editor\" data-id=\"3e3b757\" data-element_type=\"widget\" data-widget_type=\"text-editor.default\">\n\t\t\t\t<div class=\"elementor-widget-container\">\n\t\t\t\t\t\t\t\t\t<p><a href=\"https:\/\/idpin.cnc.uc.pt\/?page_id=996\"><strong>Neuroscience and Mental Health | January 26 to 30, 2026 <\/strong><\/a>\u00a0<br \/>Coordinators: Ana Cristina Rego (CNC-UC), Maria Isabel Santana (FMUC)<\/p>\t\t\t\t\t\t\t\t<\/div>\n\t\t\t\t<\/div>\n\t\t\t\t<div class=\"elementor-element elementor-element-113b67a elementor-widget elementor-widget-text-editor\" data-id=\"113b67a\" data-element_type=\"widget\" data-widget_type=\"text-editor.default\">\n\t\t\t\t<div class=\"elementor-widget-container\">\n\t\t\t\t\t\t\t\t\t<p><a href=\"https:\/\/idpin.cnc.uc.pt\/?page_id=1041\"><strong>Systems and computational neuroscience | February 2 to 10, 2026 <\/strong><\/a>\u00a0<br \/>Coordinators: Cristina M\u00e1rquez, Renato Duarte (CNC-UC)<\/p>\t\t\t\t\t\t\t\t<\/div>\n\t\t\t\t<\/div>\n\t\t\t\t<div class=\"elementor-element elementor-element-ac2fad9 elementor-widget elementor-widget-text-editor\" data-id=\"ac2fad9\" data-element_type=\"widget\" data-widget_type=\"text-editor.default\">\n\t\t\t\t<div class=\"elementor-widget-container\">\n\t\t\t\t\t\t\t\t\t<p><a href=\"https:\/\/idpin.cnc.uc.pt\/?page_id=1047\"><strong>Neuromodulation | TBD, 2026 <\/strong><\/a>\u00a0<br \/>Coordinators: Rodrigo Cunha (CNC-UC), Samira Ferreira (CNC-UC)<\/p>\t\t\t\t\t\t\t\t<\/div>\n\t\t\t\t<\/div>\n\t\t\t\t<\/div>\n\t\t\t\t\t<\/details>\n\t\t\t\t\t<\/div>\n\t\t\t\t\t\t<\/div>\n\t\t\t\t<\/div>\n\t\t\t\t\t<\/div>\n\t\t\t\t<\/div>\n\t\t\t\t<\/div>\n\t\t","protected":false},"excerpt":{"rendered":"<p>We are pleased to share the Advanced Courses plan for the 1st edition of the International Doctoral Program in Integrative Neuroscience (idpIN), for the academic year 2025\/2026. The Advanced Courses are coordinated by senior researchers at CNC-UC and taught by experts from leading national and international research institutions. Please find here the 2025\/2026 &#8211; idpIN [&hellip;]<\/p>\n","protected":false},"author":5,"featured_media":0,"parent":0,"menu_order":0,"comment_status":"closed","ping_status":"closed","template":"","meta":{"footnotes":""},"class_list":["post-803","page","type-page","status-publish","hentry"],"_links":{"self":[{"href":"https:\/\/idpin.cnc.uc.pt\/index.php?rest_route=\/wp\/v2\/pages\/803","targetHints":{"allow":["GET"]}}],"collection":[{"href":"https:\/\/idpin.cnc.uc.pt\/index.php?rest_route=\/wp\/v2\/pages"}],"about":[{"href":"https:\/\/idpin.cnc.uc.pt\/index.php?rest_route=\/wp\/v2\/types\/page"}],"author":[{"embeddable":true,"href":"https:\/\/idpin.cnc.uc.pt\/index.php?rest_route=\/wp\/v2\/users\/5"}],"replies":[{"embeddable":true,"href":"https:\/\/idpin.cnc.uc.pt\/index.php?rest_route=%2Fwp%2Fv2%2Fcomments&post=803"}],"version-history":[{"count":53,"href":"https:\/\/idpin.cnc.uc.pt\/index.php?rest_route=\/wp\/v2\/pages\/803\/revisions"}],"predecessor-version":[{"id":1238,"href":"https:\/\/idpin.cnc.uc.pt\/index.php?rest_route=\/wp\/v2\/pages\/803\/revisions\/1238"}],"wp:attachment":[{"href":"https:\/\/idpin.cnc.uc.pt\/index.php?rest_route=%2Fwp%2Fv2%2Fmedia&parent=803"}],"curies":[{"name":"wp","href":"https:\/\/api.w.org\/{rel}","templated":true}]}}